{"id":3458,"date":"2020-12-22T14:54:11","date_gmt":"2020-12-22T14:54:11","guid":{"rendered":"https:\/\/hotelsantostefanovenezia.it\/gift-card\/"},"modified":"2020-12-23T13:52:46","modified_gmt":"2020-12-23T13:52:46","slug":"gift-card","status":"publish","type":"page","link":"https:\/\/hotelsantostefanovenezia.com\/fr\/gift-card\/","title":{"rendered":"Gift Card"},"content":{"rendered":"<div class=\"voucher-wrapper\">\n<div class=\"voucher-section-1 bg-gray bg-edge2edge\" >\n<div class=\"grid-container\">\n<div class=\"grid-x grid-margin-x\">\n<div class=\"cell medium-12\">\n<h1 class=\"title\">\n            Gift Card<br \/>\n          <\/h1>\n<div class=\"steps\">\n            <span class=\"f\">1<\/span> Choisissez le bon cadeau<br \/>\n            <span class=\"f\">2<\/span> Choisissez le valeur<br \/>\n            <span class=\"f\">3<\/span> Remplissez le formulaire ci-dessous<br \/>\n            <span class=\"f\">4<\/span> Vous confrimez<br \/>\n            <span class=\"f\">5<\/span> Nous vous enverrons les coordonn\u00e9es bancaires pour effectuer le virement;<br \/>\nune fois le paiement re\u00e7u, nous vous enverrons un code et le bon par e-mail.<br \/>\nUtilisez le code ou le bon imprim\u00e9 au moment de la r\u00e9servation jusqu&#8217;en 2021<\/p><\/div>\n<\/p><\/div>\n<\/p><\/div>\n<\/p><\/div>\n<\/p><\/div>\n<div class=\"voucher-values bg-edge2edge\">\n<div class=\"grid-container\">\n<div class=\"grid-x grid-margin-x\">\n<div class=\"cell medium-12\">\n<h3 class=\"title-page text-center\">Valeur<\/h3>\n<div class=\"box-importo box-importo-active\" data-val=\"150\">150\u20ac<\/div>\n<div class=\"box-importo\" data-val=\"250\">250\u20ac<\/div>\n<div class=\"box-importo\" data-val=\"350\">350\u20ac<\/div>\n<div class=\"box-importo\" data-val=\"500\">500\u20ac<\/div>\n<\/p><\/div>\n<\/p><\/div>\n<\/p><\/div>\n<\/p><\/div>\n<div class=\"voucher-models\">\n<div class=\"grid-container\">\n<div class=\"grid-x grid-margin-x\">\n<div class=\"cell medium-12\">\n<div class=\"title-line\">\n<h3 class=\"title-page text-center\">Choisissez le motif<\/h3>\n<\/div>\n<div class=\"vouc v-active \" data-id=\"1\"><img decoding=\"async\" src=\"https:\/\/www.mediacy.it\/SANTO_STEFANO_VENEZIA\/VOUCHER\/image\/1.png\"><\/div>\n<div class=\"vouc\" data-id=\"2\"><img decoding=\"async\" src=\"https:\/\/www.mediacy.it\/SANTO_STEFANO_VENEZIA\/VOUCHER\/image\/2.png\"><\/div>\n<div class=\"vouc\" data-id=\"3\"><img decoding=\"async\" src=\"https:\/\/www.mediacy.it\/SANTO_STEFANO_VENEZIA\/VOUCHER\/image\/3.png\"><\/div>\n<\/p><\/div>\n<\/p><\/div>\n<\/p><\/div>\n<\/p><\/div>\n<div class=\"voucher-form\" >\n<div class=\"grid-container\">\n<div class=\"grid-x grid-margin-x\">\n<div class=\"cell medium-12\">\n<div class=\"title-line\">\n<h3 class=\"title-page text-center\" style=\"clear: both;\">Ins\u00e9rez vos donn\u00e9es<\/h3>\n<\/div>\n<form id=\"formvoucher\">\n<div class=\"grid-container\">\n<div class=\"grid-x grid-margin-x\">\n<div class=\"cell medium-4\">\n                  <label>Nom*<\/label>                  <input required type=\"text\" id=\"nome_mittente\">\n                <\/div>\n<div class=\"cell medium-4\">\n                  <label>Nom du destinataire*<\/label>                  <input required type=\"text\" id=\"nome_ricevente\">\n                <\/div>\n<div class=\"cell medium-4\">\n                  <label>Votre email adresse*<\/label>                  <input required type=\"email\" id=\"to\">\n                <\/div>\n<div class=\"cell medium-4\">\n                  <label>Ton t\u00e9l\u00e9phone*<\/label>                  <input required type=\"tel\" id=\"telefono\">\n                <\/div>\n<div class=\"cell medium-4\">\n                  <label>Votre adresse*<\/label>                  <input required type=\"text\" id=\"indirizzo\">\n                <\/div>\n<div class=\"cell medium-4\">\n                  <label>Ta ville*<\/label>                  <input required type=\"text\" id=\"citta\">\n                <\/div>\n<div class=\"cell medium-6\">\n                <\/div>\n<div class=\"cell medium-12\">\n                  <input style=\"display:none;\"  value=\"150\" type=\"number\" id=\"importo\"><br \/>\n                  <input  style=\"display:none;\" type=\"number\" id=\"stile\" value=\"1\">\n                <\/div>\n<div class=\"cell medium-12\">\n                  <label>Message*<\/label><br \/>\n                  <textarea id=\"testo\" required maxlength=\"110\">Je veux vous offrir un agr\u00e9able s\u00e9jour pour vous remercier de m&#8217;aider cette ann\u00e9e<\/textarea>\n                <\/div>\n<div class=\"cell medium-12\">\n<div class=\"priavcy-wrapper\">\n                    <input type=\"checkbox\" required id=\"privacy\">                   <label for=\"privacy\">J&#8217;accepte les termes et conditions de   <a target=\"_blank\" href=\"\/node\/20\" rel=\"noopener noreferrer\">Privacy<\/a>*<\/label>\n                  <\/div>\n<\/p><\/div>\n<div class=\"cell medium-12\">\n<div id=\"ok\" style=\"display:none;\">V\u00e9rifiez votre bo\u00eete de r\u00e9ception, nous vous avons envoy\u00e9 les instructions pour effectuer le paiement et ensuite pouvoir utiliser le bon<\/div>\n<p>                  <input type=\"submit\" value=\"Soumettre\" id=\"invia\">\n              <\/div>\n<\/p><\/div>\n<\/p><\/form>\n<\/p><\/div>\n<\/p><\/div>\n<\/p><\/div>\n<\/p><\/div>\n<\/div>\n<div id=\"loader\" style=\"display:none\">\n<div class=\"lds-ring\">\n<div><\/div>\n<div><\/div>\n<div><\/div>\n<div><\/div>\n<\/div>\n<\/div>\n","protected":false},"excerpt":{"rendered":"<p>Gift Card 1 Choisissez le bon cadeau 2 Choisissez le valeur 3 Remplissez le formulaire ci-dessous 4 Vous confrimez 5 Nous vous enverrons les coordonn\u00e9es bancaires pour effectuer le virement; une fois le paiement re\u00e7u, nous vous enverrons un code [&hellip;]<\/p>\n","protected":false},"author":9,"featured_media":0,"parent":0,"menu_order":0,"comment_status":"closed","ping_status":"closed","template":"","meta":{"footnotes":""},"yoast_head":"<!-- This site is optimized with the Yoast SEO plugin v21.9 - https:\/\/yoast.com\/wordpress\/plugins\/seo\/ -->\n<title>Gift Card - Hotel Santo Stefano Venezia<\/title>\n<meta name=\"robots\" content=\"index, follow, max-snippet:-1, max-image-preview:large, max-video-preview:-1\" \/>\n<link rel=\"canonical\" href=\"https:\/\/hotelsantostefanovenezia.com\/fr\/gift-card\/\" \/>\n<meta property=\"og:locale\" content=\"fr_FR\" \/>\n<meta property=\"og:type\" content=\"article\" \/>\n<meta property=\"og:title\" content=\"Gift Card - Hotel Santo Stefano Venezia\" \/>\n<meta property=\"og:description\" content=\"Gift Card 1 Choisissez le bon cadeau 2 Choisissez le valeur 3 Remplissez le formulaire ci-dessous 4 Vous confrimez 5 Nous vous enverrons les coordonn\u00e9es bancaires pour effectuer le virement; une fois le paiement re\u00e7u, nous vous enverrons un code [&hellip;]\" \/>\n<meta property=\"og:url\" content=\"https:\/\/hotelsantostefanovenezia.com\/fr\/gift-card\/\" \/>\n<meta property=\"og:site_name\" content=\"Hotel Santo Stefano Venezia\" \/>\n<meta property=\"article:modified_time\" content=\"2020-12-23T13:52:46+00:00\" \/>\n<meta property=\"og:image\" content=\"https:\/\/www.mediacy.it\/SANTO_STEFANO_VENEZIA\/VOUCHER\/image\/1.png\" \/>\n<meta name=\"twitter:card\" content=\"summary_large_image\" \/>\n<meta name=\"twitter:label1\" content=\"Est. reading time\" \/>\n\t<meta name=\"twitter:data1\" content=\"1 minute\" \/>\n<script type=\"application\/ld+json\" class=\"yoast-schema-graph\">{\"@context\":\"https:\/\/schema.org\",\"@graph\":[{\"@type\":\"WebPage\",\"@id\":\"https:\/\/hotelsantostefanovenezia.com\/fr\/gift-card\/\",\"url\":\"https:\/\/hotelsantostefanovenezia.com\/fr\/gift-card\/\",\"name\":\"Gift Card - Hotel Santo Stefano Venezia\",\"isPartOf\":{\"@id\":\"https:\/\/hotelsantostefanovenezia.com\/#website\"},\"datePublished\":\"2020-12-22T14:54:11+00:00\",\"dateModified\":\"2020-12-23T13:52:46+00:00\",\"breadcrumb\":{\"@id\":\"https:\/\/hotelsantostefanovenezia.com\/fr\/gift-card\/#breadcrumb\"},\"inLanguage\":\"fr-FR\",\"potentialAction\":[{\"@type\":\"ReadAction\",\"target\":[\"https:\/\/hotelsantostefanovenezia.com\/fr\/gift-card\/\"]}]},{\"@type\":\"BreadcrumbList\",\"@id\":\"https:\/\/hotelsantostefanovenezia.com\/fr\/gift-card\/#breadcrumb\",\"itemListElement\":[{\"@type\":\"ListItem\",\"position\":1,\"name\":\"Home\",\"item\":\"https:\/\/hotelsantostefanovenezia.com\/\"},{\"@type\":\"ListItem\",\"position\":2,\"name\":\"Gift Card\"}]},{\"@type\":\"WebSite\",\"@id\":\"https:\/\/hotelsantostefanovenezia.com\/#website\",\"url\":\"https:\/\/hotelsantostefanovenezia.com\/\",\"name\":\"Hotel Santo Stefano Venezia\",\"description\":\"A due passi da San Marco, Venezia\",\"publisher\":{\"@id\":\"https:\/\/hotelsantostefanovenezia.com\/#organization\"},\"potentialAction\":[{\"@type\":\"SearchAction\",\"target\":{\"@type\":\"EntryPoint\",\"urlTemplate\":\"https:\/\/hotelsantostefanovenezia.com\/?s={search_term_string}\"},\"query-input\":\"required name=search_term_string\"}],\"inLanguage\":\"fr-FR\"},{\"@type\":\"Organization\",\"@id\":\"https:\/\/hotelsantostefanovenezia.com\/#organization\",\"name\":\"Hotel Santo Stefano Venezia\",\"url\":\"https:\/\/hotelsantostefanovenezia.com\/\",\"logo\":{\"@type\":\"ImageObject\",\"inLanguage\":\"fr-FR\",\"@id\":\"https:\/\/hotelsantostefanovenezia.com\/#\/schema\/logo\/image\/\",\"url\":\"https:\/\/hotelsantostefanovenezia.com\/wp-content\/uploads\/2020\/05\/logo_popup.png\",\"contentUrl\":\"https:\/\/hotelsantostefanovenezia.com\/wp-content\/uploads\/2020\/05\/logo_popup.png\",\"width\":221,\"height\":153,\"caption\":\"Hotel Santo Stefano Venezia\"},\"image\":{\"@id\":\"https:\/\/hotelsantostefanovenezia.com\/#\/schema\/logo\/image\/\"}}]}<\/script>\n<!-- \/ Yoast SEO plugin. -->","yoast_head_json":{"title":"Gift Card - Hotel Santo Stefano Venezia","robots":{"index":"index","follow":"follow","max-snippet":"max-snippet:-1","max-image-preview":"max-image-preview:large","max-video-preview":"max-video-preview:-1"},"canonical":"https:\/\/hotelsantostefanovenezia.com\/fr\/gift-card\/","og_locale":"fr_FR","og_type":"article","og_title":"Gift Card - Hotel Santo Stefano Venezia","og_description":"Gift Card 1 Choisissez le bon cadeau 2 Choisissez le valeur 3 Remplissez le formulaire ci-dessous 4 Vous confrimez 5 Nous vous enverrons les coordonn\u00e9es bancaires pour effectuer le virement; une fois le paiement re\u00e7u, nous vous enverrons un code [&hellip;]","og_url":"https:\/\/hotelsantostefanovenezia.com\/fr\/gift-card\/","og_site_name":"Hotel Santo Stefano Venezia","article_modified_time":"2020-12-23T13:52:46+00:00","og_image":[{"url":"https:\/\/www.mediacy.it\/SANTO_STEFANO_VENEZIA\/VOUCHER\/image\/1.png"}],"twitter_card":"summary_large_image","twitter_misc":{"Est. reading time":"1 minute"},"schema":{"@context":"https:\/\/schema.org","@graph":[{"@type":"WebPage","@id":"https:\/\/hotelsantostefanovenezia.com\/fr\/gift-card\/","url":"https:\/\/hotelsantostefanovenezia.com\/fr\/gift-card\/","name":"Gift Card - Hotel Santo Stefano Venezia","isPartOf":{"@id":"https:\/\/hotelsantostefanovenezia.com\/#website"},"datePublished":"2020-12-22T14:54:11+00:00","dateModified":"2020-12-23T13:52:46+00:00","breadcrumb":{"@id":"https:\/\/hotelsantostefanovenezia.com\/fr\/gift-card\/#breadcrumb"},"inLanguage":"fr-FR","potentialAction":[{"@type":"ReadAction","target":["https:\/\/hotelsantostefanovenezia.com\/fr\/gift-card\/"]}]},{"@type":"BreadcrumbList","@id":"https:\/\/hotelsantostefanovenezia.com\/fr\/gift-card\/#breadcrumb","itemListElement":[{"@type":"ListItem","position":1,"name":"Home","item":"https:\/\/hotelsantostefanovenezia.com\/"},{"@type":"ListItem","position":2,"name":"Gift Card"}]},{"@type":"WebSite","@id":"https:\/\/hotelsantostefanovenezia.com\/#website","url":"https:\/\/hotelsantostefanovenezia.com\/","name":"Hotel Santo Stefano Venezia","description":"A due passi da San Marco, Venezia","publisher":{"@id":"https:\/\/hotelsantostefanovenezia.com\/#organization"},"potentialAction":[{"@type":"SearchAction","target":{"@type":"EntryPoint","urlTemplate":"https:\/\/hotelsantostefanovenezia.com\/?s={search_term_string}"},"query-input":"required name=search_term_string"}],"inLanguage":"fr-FR"},{"@type":"Organization","@id":"https:\/\/hotelsantostefanovenezia.com\/#organization","name":"Hotel Santo Stefano Venezia","url":"https:\/\/hotelsantostefanovenezia.com\/","logo":{"@type":"ImageObject","inLanguage":"fr-FR","@id":"https:\/\/hotelsantostefanovenezia.com\/#\/schema\/logo\/image\/","url":"https:\/\/hotelsantostefanovenezia.com\/wp-content\/uploads\/2020\/05\/logo_popup.png","contentUrl":"https:\/\/hotelsantostefanovenezia.com\/wp-content\/uploads\/2020\/05\/logo_popup.png","width":221,"height":153,"caption":"Hotel Santo Stefano Venezia"},"image":{"@id":"https:\/\/hotelsantostefanovenezia.com\/#\/schema\/logo\/image\/"}}]}},"_links":{"self":[{"href":"https:\/\/hotelsantostefanovenezia.com\/fr\/wp-json\/wp\/v2\/pages\/3458"}],"collection":[{"href":"https:\/\/hotelsantostefanovenezia.com\/fr\/wp-json\/wp\/v2\/pages"}],"about":[{"href":"https:\/\/hotelsantostefanovenezia.com\/fr\/wp-json\/wp\/v2\/types\/page"}],"author":[{"embeddable":true,"href":"https:\/\/hotelsantostefanovenezia.com\/fr\/wp-json\/wp\/v2\/users\/9"}],"replies":[{"embeddable":true,"href":"https:\/\/hotelsantostefanovenezia.com\/fr\/wp-json\/wp\/v2\/comments?post=3458"}],"version-history":[{"count":3,"href":"https:\/\/hotelsantostefanovenezia.com\/fr\/wp-json\/wp\/v2\/pages\/3458\/revisions"}],"predecessor-version":[{"id":3468,"href":"https:\/\/hotelsantostefanovenezia.com\/fr\/wp-json\/wp\/v2\/pages\/3458\/revisions\/3468"}],"wp:attachment":[{"href":"https:\/\/hotelsantostefanovenezia.com\/fr\/wp-json\/wp\/v2\/media?parent=3458"}],"curies":[{"name":"wp","href":"https:\/\/api.w.org\/{rel}","templated":true}]}}