{"id":2902,"date":"2020-04-08T22:26:40","date_gmt":"2020-04-08T22:26:40","guid":{"rendered":"https:\/\/hotelsantostefanovenezia.it\/plan-du-site\/"},"modified":"2020-04-08T22:26:46","modified_gmt":"2020-04-08T22:26:46","slug":"plan-du-site","status":"publish","type":"page","link":"https:\/\/hotelsantostefanovenezia.com\/fr\/plan-du-site\/","title":{"rendered":"Plan du site"},"content":{"rendered":"<p class=\"p1\"><span style=\"font-weight: 400;\">[list-pages exclude=&#8221;2244&#8243; depth=&#8221;3&#8243;]<\/span><\/p>\n","protected":false},"excerpt":{"rendered":"<p>[list-pages exclude=&#8221;2244&#8243; depth=&#8221;3&#8243;]<\/p>\n","protected":false},"author":2,"featured_media":0,"parent":0,"menu_order":99,"comment_status":"closed","ping_status":"closed","template":"","meta":{"footnotes":""},"yoast_head":"<!-- This site is optimized with the Yoast SEO plugin v21.9 - https:\/\/yoast.com\/wordpress\/plugins\/seo\/ -->\n<title>Plan du site - Hotel Santo Stefano Venezia<\/title>\n<meta name=\"description\" content=\"Consultez le plan du site de l&#039;h\u00f4tel Santo Stefano Venezia pour acc\u00e9der rapidement et facilement au contenu de votre int\u00e9r\u00eat.\" \/>\n<meta name=\"robots\" content=\"index, follow, max-snippet:-1, max-image-preview:large, max-video-preview:-1\" \/>\n<link rel=\"canonical\" href=\"https:\/\/hotelsantostefanovenezia.com\/fr\/plan-du-site\/\" \/>\n<meta property=\"og:locale\" content=\"fr_FR\" \/>\n<meta property=\"og:type\" content=\"article\" \/>\n<meta property=\"og:title\" content=\"Plan du site - Hotel Santo Stefano Venezia\" \/>\n<meta property=\"og:description\" content=\"Consultez le plan du site de l&#039;h\u00f4tel Santo Stefano Venezia pour acc\u00e9der rapidement et facilement au contenu de votre int\u00e9r\u00eat.\" \/>\n<meta property=\"og:url\" content=\"https:\/\/hotelsantostefanovenezia.com\/fr\/plan-du-site\/\" \/>\n<meta property=\"og:site_name\" content=\"Hotel Santo Stefano Venezia\" \/>\n<meta property=\"article:modified_time\" content=\"2020-04-08T22:26:46+00:00\" \/>\n<meta name=\"twitter:card\" content=\"summary_large_image\" \/>\n<script type=\"application\/ld+json\" class=\"yoast-schema-graph\">{\"@context\":\"https:\/\/schema.org\",\"@graph\":[{\"@type\":\"WebPage\",\"@id\":\"https:\/\/hotelsantostefanovenezia.com\/fr\/plan-du-site\/\",\"url\":\"https:\/\/hotelsantostefanovenezia.com\/fr\/plan-du-site\/\",\"name\":\"Plan du site - Hotel Santo Stefano Venezia\",\"isPartOf\":{\"@id\":\"https:\/\/hotelsantostefanovenezia.com\/#website\"},\"datePublished\":\"2020-04-08T22:26:40+00:00\",\"dateModified\":\"2020-04-08T22:26:46+00:00\",\"description\":\"Consultez le plan du site de l'h\u00f4tel Santo Stefano Venezia pour acc\u00e9der rapidement et facilement au contenu de votre int\u00e9r\u00eat.\",\"breadcrumb\":{\"@id\":\"https:\/\/hotelsantostefanovenezia.com\/fr\/plan-du-site\/#breadcrumb\"},\"inLanguage\":\"fr-FR\",\"potentialAction\":[{\"@type\":\"ReadAction\",\"target\":[\"https:\/\/hotelsantostefanovenezia.com\/fr\/plan-du-site\/\"]}]},{\"@type\":\"BreadcrumbList\",\"@id\":\"https:\/\/hotelsantostefanovenezia.com\/fr\/plan-du-site\/#breadcrumb\",\"itemListElement\":[{\"@type\":\"ListItem\",\"position\":1,\"name\":\"Home\",\"item\":\"https:\/\/hotelsantostefanovenezia.com\/\"},{\"@type\":\"ListItem\",\"position\":2,\"name\":\"Plan du site\"}]},{\"@type\":\"WebSite\",\"@id\":\"https:\/\/hotelsantostefanovenezia.com\/#website\",\"url\":\"https:\/\/hotelsantostefanovenezia.com\/\",\"name\":\"Hotel Santo Stefano Venezia\",\"description\":\"A due passi da San Marco, Venezia\",\"publisher\":{\"@id\":\"https:\/\/hotelsantostefanovenezia.com\/#organization\"},\"potentialAction\":[{\"@type\":\"SearchAction\",\"target\":{\"@type\":\"EntryPoint\",\"urlTemplate\":\"https:\/\/hotelsantostefanovenezia.com\/?s={search_term_string}\"},\"query-input\":\"required name=search_term_string\"}],\"inLanguage\":\"fr-FR\"},{\"@type\":\"Organization\",\"@id\":\"https:\/\/hotelsantostefanovenezia.com\/#organization\",\"name\":\"Hotel Santo Stefano Venezia\",\"url\":\"https:\/\/hotelsantostefanovenezia.com\/\",\"logo\":{\"@type\":\"ImageObject\",\"inLanguage\":\"fr-FR\",\"@id\":\"https:\/\/hotelsantostefanovenezia.com\/#\/schema\/logo\/image\/\",\"url\":\"https:\/\/hotelsantostefanovenezia.com\/wp-content\/uploads\/2020\/05\/logo_popup.png\",\"contentUrl\":\"https:\/\/hotelsantostefanovenezia.com\/wp-content\/uploads\/2020\/05\/logo_popup.png\",\"width\":221,\"height\":153,\"caption\":\"Hotel Santo Stefano Venezia\"},\"image\":{\"@id\":\"https:\/\/hotelsantostefanovenezia.com\/#\/schema\/logo\/image\/\"}}]}<\/script>\n<!-- \/ Yoast SEO plugin. -->","yoast_head_json":{"title":"Plan du site - Hotel Santo Stefano Venezia","description":"Consultez le plan du site de l'h\u00f4tel Santo Stefano Venezia pour acc\u00e9der rapidement et facilement au contenu de votre int\u00e9r\u00eat.","robots":{"index":"index","follow":"follow","max-snippet":"max-snippet:-1","max-image-preview":"max-image-preview:large","max-video-preview":"max-video-preview:-1"},"canonical":"https:\/\/hotelsantostefanovenezia.com\/fr\/plan-du-site\/","og_locale":"fr_FR","og_type":"article","og_title":"Plan du site - Hotel Santo Stefano Venezia","og_description":"Consultez le plan du site de l'h\u00f4tel Santo Stefano Venezia pour acc\u00e9der rapidement et facilement au contenu de votre int\u00e9r\u00eat.","og_url":"https:\/\/hotelsantostefanovenezia.com\/fr\/plan-du-site\/","og_site_name":"Hotel Santo Stefano Venezia","article_modified_time":"2020-04-08T22:26:46+00:00","twitter_card":"summary_large_image","schema":{"@context":"https:\/\/schema.org","@graph":[{"@type":"WebPage","@id":"https:\/\/hotelsantostefanovenezia.com\/fr\/plan-du-site\/","url":"https:\/\/hotelsantostefanovenezia.com\/fr\/plan-du-site\/","name":"Plan du site - Hotel Santo Stefano Venezia","isPartOf":{"@id":"https:\/\/hotelsantostefanovenezia.com\/#website"},"datePublished":"2020-04-08T22:26:40+00:00","dateModified":"2020-04-08T22:26:46+00:00","description":"Consultez le plan du site de l'h\u00f4tel Santo Stefano Venezia pour acc\u00e9der rapidement et facilement au contenu de votre int\u00e9r\u00eat.","breadcrumb":{"@id":"https:\/\/hotelsantostefanovenezia.com\/fr\/plan-du-site\/#breadcrumb"},"inLanguage":"fr-FR","potentialAction":[{"@type":"ReadAction","target":["https:\/\/hotelsantostefanovenezia.com\/fr\/plan-du-site\/"]}]},{"@type":"BreadcrumbList","@id":"https:\/\/hotelsantostefanovenezia.com\/fr\/plan-du-site\/#breadcrumb","itemListElement":[{"@type":"ListItem","position":1,"name":"Home","item":"https:\/\/hotelsantostefanovenezia.com\/"},{"@type":"ListItem","position":2,"name":"Plan du site"}]},{"@type":"WebSite","@id":"https:\/\/hotelsantostefanovenezia.com\/#website","url":"https:\/\/hotelsantostefanovenezia.com\/","name":"Hotel Santo Stefano Venezia","description":"A due passi da San Marco, Venezia","publisher":{"@id":"https:\/\/hotelsantostefanovenezia.com\/#organization"},"potentialAction":[{"@type":"SearchAction","target":{"@type":"EntryPoint","urlTemplate":"https:\/\/hotelsantostefanovenezia.com\/?s={search_term_string}"},"query-input":"required name=search_term_string"}],"inLanguage":"fr-FR"},{"@type":"Organization","@id":"https:\/\/hotelsantostefanovenezia.com\/#organization","name":"Hotel Santo Stefano Venezia","url":"https:\/\/hotelsantostefanovenezia.com\/","logo":{"@type":"ImageObject","inLanguage":"fr-FR","@id":"https:\/\/hotelsantostefanovenezia.com\/#\/schema\/logo\/image\/","url":"https:\/\/hotelsantostefanovenezia.com\/wp-content\/uploads\/2020\/05\/logo_popup.png","contentUrl":"https:\/\/hotelsantostefanovenezia.com\/wp-content\/uploads\/2020\/05\/logo_popup.png","width":221,"height":153,"caption":"Hotel Santo Stefano Venezia"},"image":{"@id":"https:\/\/hotelsantostefanovenezia.com\/#\/schema\/logo\/image\/"}}]}},"_links":{"self":[{"href":"https:\/\/hotelsantostefanovenezia.com\/fr\/wp-json\/wp\/v2\/pages\/2902"}],"collection":[{"href":"https:\/\/hotelsantostefanovenezia.com\/fr\/wp-json\/wp\/v2\/pages"}],"about":[{"href":"https:\/\/hotelsantostefanovenezia.com\/fr\/wp-json\/wp\/v2\/types\/page"}],"author":[{"embeddable":true,"href":"https:\/\/hotelsantostefanovenezia.com\/fr\/wp-json\/wp\/v2\/users\/2"}],"replies":[{"embeddable":true,"href":"https:\/\/hotelsantostefanovenezia.com\/fr\/wp-json\/wp\/v2\/comments?post=2902"}],"version-history":[{"count":1,"href":"https:\/\/hotelsantostefanovenezia.com\/fr\/wp-json\/wp\/v2\/pages\/2902\/revisions"}],"predecessor-version":[{"id":2903,"href":"https:\/\/hotelsantostefanovenezia.com\/fr\/wp-json\/wp\/v2\/pages\/2902\/revisions\/2903"}],"wp:attachment":[{"href":"https:\/\/hotelsantostefanovenezia.com\/fr\/wp-json\/wp\/v2\/media?parent=2902"}],"curies":[{"name":"wp","href":"https:\/\/api.w.org\/{rel}","templated":true}]}}