{"id":2612,"date":"2019-09-30T12:26:57","date_gmt":"2019-09-30T12:26:57","guid":{"rendered":"https:\/\/hotelsantostefanovenezia.it\/mapa-del-sitio\/"},"modified":"2019-09-30T12:26:57","modified_gmt":"2019-09-30T12:26:57","slug":"mapa-del-sitio","status":"publish","type":"page","link":"https:\/\/hotelsantostefanovenezia.com\/es\/mapa-del-sitio\/","title":{"rendered":"Mapa del sitio"},"content":{"rendered":"<p class=\"p1\"><span style=\"font-weight: 400;\">[list-pages exclude=&#8221;2244&#8243; depth=&#8221;3&#8243;]<\/span><\/p>\n","protected":false},"excerpt":{"rendered":"<p>[list-pages exclude=&#8221;2244&#8243; depth=&#8221;3&#8243;]<\/p>\n","protected":false},"author":2,"featured_media":0,"parent":0,"menu_order":99,"comment_status":"closed","ping_status":"closed","template":"","meta":{"footnotes":""},"yoast_head":"<!-- This site is optimized with the Yoast SEO plugin v21.9 - https:\/\/yoast.com\/wordpress\/plugins\/seo\/ -->\n<title>Mapa del sitio - Hotel Santo Stefano Venezia<\/title>\n<meta name=\"description\" content=\"Consulte el mapa del sitio del Hotel Santo Stefano Venezia para un acceso r\u00e1pido y f\u00e1cil al contenido de su inter\u00e9s.\" \/>\n<meta name=\"robots\" content=\"index, follow, max-snippet:-1, max-image-preview:large, max-video-preview:-1\" \/>\n<link rel=\"canonical\" href=\"https:\/\/hotelsantostefanovenezia.com\/es\/mapa-del-sitio\/\" \/>\n<meta property=\"og:locale\" content=\"es_ES\" \/>\n<meta property=\"og:type\" content=\"article\" \/>\n<meta property=\"og:title\" content=\"Mapa del sitio - Hotel Santo Stefano Venezia\" \/>\n<meta property=\"og:description\" content=\"Consulte el mapa del sitio del Hotel Santo Stefano Venezia para un acceso r\u00e1pido y f\u00e1cil al contenido de su inter\u00e9s.\" \/>\n<meta property=\"og:url\" content=\"https:\/\/hotelsantostefanovenezia.com\/es\/mapa-del-sitio\/\" \/>\n<meta property=\"og:site_name\" content=\"Hotel Santo Stefano Venezia\" \/>\n<meta name=\"twitter:card\" content=\"summary_large_image\" \/>\n<script type=\"application\/ld+json\" class=\"yoast-schema-graph\">{\"@context\":\"https:\/\/schema.org\",\"@graph\":[{\"@type\":\"WebPage\",\"@id\":\"https:\/\/hotelsantostefanovenezia.com\/es\/mapa-del-sitio\/\",\"url\":\"https:\/\/hotelsantostefanovenezia.com\/es\/mapa-del-sitio\/\",\"name\":\"Mapa del sitio - Hotel Santo Stefano Venezia\",\"isPartOf\":{\"@id\":\"https:\/\/hotelsantostefanovenezia.com\/#website\"},\"datePublished\":\"2019-09-30T12:26:57+00:00\",\"dateModified\":\"2019-09-30T12:26:57+00:00\",\"description\":\"Consulte el mapa del sitio del Hotel Santo Stefano Venezia para un acceso r\u00e1pido y f\u00e1cil al contenido de su inter\u00e9s.\",\"breadcrumb\":{\"@id\":\"https:\/\/hotelsantostefanovenezia.com\/es\/mapa-del-sitio\/#breadcrumb\"},\"inLanguage\":\"es-ES\",\"potentialAction\":[{\"@type\":\"ReadAction\",\"target\":[\"https:\/\/hotelsantostefanovenezia.com\/es\/mapa-del-sitio\/\"]}]},{\"@type\":\"BreadcrumbList\",\"@id\":\"https:\/\/hotelsantostefanovenezia.com\/es\/mapa-del-sitio\/#breadcrumb\",\"itemListElement\":[{\"@type\":\"ListItem\",\"position\":1,\"name\":\"Home\",\"item\":\"https:\/\/hotelsantostefanovenezia.com\/\"},{\"@type\":\"ListItem\",\"position\":2,\"name\":\"Mapa del sitio\"}]},{\"@type\":\"WebSite\",\"@id\":\"https:\/\/hotelsantostefanovenezia.com\/#website\",\"url\":\"https:\/\/hotelsantostefanovenezia.com\/\",\"name\":\"Hotel Santo Stefano Venezia\",\"description\":\"A due passi da San Marco, Venezia\",\"publisher\":{\"@id\":\"https:\/\/hotelsantostefanovenezia.com\/#organization\"},\"potentialAction\":[{\"@type\":\"SearchAction\",\"target\":{\"@type\":\"EntryPoint\",\"urlTemplate\":\"https:\/\/hotelsantostefanovenezia.com\/?s={search_term_string}\"},\"query-input\":\"required name=search_term_string\"}],\"inLanguage\":\"es-ES\"},{\"@type\":\"Organization\",\"@id\":\"https:\/\/hotelsantostefanovenezia.com\/#organization\",\"name\":\"Hotel Santo Stefano Venezia\",\"url\":\"https:\/\/hotelsantostefanovenezia.com\/\",\"logo\":{\"@type\":\"ImageObject\",\"inLanguage\":\"es-ES\",\"@id\":\"https:\/\/hotelsantostefanovenezia.com\/#\/schema\/logo\/image\/\",\"url\":\"https:\/\/hotelsantostefanovenezia.com\/wp-content\/uploads\/2020\/05\/logo_popup.png\",\"contentUrl\":\"https:\/\/hotelsantostefanovenezia.com\/wp-content\/uploads\/2020\/05\/logo_popup.png\",\"width\":221,\"height\":153,\"caption\":\"Hotel Santo Stefano Venezia\"},\"image\":{\"@id\":\"https:\/\/hotelsantostefanovenezia.com\/#\/schema\/logo\/image\/\"}}]}<\/script>\n<!-- \/ Yoast SEO plugin. -->","yoast_head_json":{"title":"Mapa del sitio - Hotel Santo Stefano Venezia","description":"Consulte el mapa del sitio del Hotel Santo Stefano Venezia para un acceso r\u00e1pido y f\u00e1cil al contenido de su inter\u00e9s.","robots":{"index":"index","follow":"follow","max-snippet":"max-snippet:-1","max-image-preview":"max-image-preview:large","max-video-preview":"max-video-preview:-1"},"canonical":"https:\/\/hotelsantostefanovenezia.com\/es\/mapa-del-sitio\/","og_locale":"es_ES","og_type":"article","og_title":"Mapa del sitio - Hotel Santo Stefano Venezia","og_description":"Consulte el mapa del sitio del Hotel Santo Stefano Venezia para un acceso r\u00e1pido y f\u00e1cil al contenido de su inter\u00e9s.","og_url":"https:\/\/hotelsantostefanovenezia.com\/es\/mapa-del-sitio\/","og_site_name":"Hotel Santo Stefano Venezia","twitter_card":"summary_large_image","schema":{"@context":"https:\/\/schema.org","@graph":[{"@type":"WebPage","@id":"https:\/\/hotelsantostefanovenezia.com\/es\/mapa-del-sitio\/","url":"https:\/\/hotelsantostefanovenezia.com\/es\/mapa-del-sitio\/","name":"Mapa del sitio - Hotel Santo Stefano Venezia","isPartOf":{"@id":"https:\/\/hotelsantostefanovenezia.com\/#website"},"datePublished":"2019-09-30T12:26:57+00:00","dateModified":"2019-09-30T12:26:57+00:00","description":"Consulte el mapa del sitio del Hotel Santo Stefano Venezia para un acceso r\u00e1pido y f\u00e1cil al contenido de su inter\u00e9s.","breadcrumb":{"@id":"https:\/\/hotelsantostefanovenezia.com\/es\/mapa-del-sitio\/#breadcrumb"},"inLanguage":"es-ES","potentialAction":[{"@type":"ReadAction","target":["https:\/\/hotelsantostefanovenezia.com\/es\/mapa-del-sitio\/"]}]},{"@type":"BreadcrumbList","@id":"https:\/\/hotelsantostefanovenezia.com\/es\/mapa-del-sitio\/#breadcrumb","itemListElement":[{"@type":"ListItem","position":1,"name":"Home","item":"https:\/\/hotelsantostefanovenezia.com\/"},{"@type":"ListItem","position":2,"name":"Mapa del sitio"}]},{"@type":"WebSite","@id":"https:\/\/hotelsantostefanovenezia.com\/#website","url":"https:\/\/hotelsantostefanovenezia.com\/","name":"Hotel Santo Stefano Venezia","description":"A due passi da San Marco, Venezia","publisher":{"@id":"https:\/\/hotelsantostefanovenezia.com\/#organization"},"potentialAction":[{"@type":"SearchAction","target":{"@type":"EntryPoint","urlTemplate":"https:\/\/hotelsantostefanovenezia.com\/?s={search_term_string}"},"query-input":"required name=search_term_string"}],"inLanguage":"es-ES"},{"@type":"Organization","@id":"https:\/\/hotelsantostefanovenezia.com\/#organization","name":"Hotel Santo Stefano Venezia","url":"https:\/\/hotelsantostefanovenezia.com\/","logo":{"@type":"ImageObject","inLanguage":"es-ES","@id":"https:\/\/hotelsantostefanovenezia.com\/#\/schema\/logo\/image\/","url":"https:\/\/hotelsantostefanovenezia.com\/wp-content\/uploads\/2020\/05\/logo_popup.png","contentUrl":"https:\/\/hotelsantostefanovenezia.com\/wp-content\/uploads\/2020\/05\/logo_popup.png","width":221,"height":153,"caption":"Hotel Santo Stefano Venezia"},"image":{"@id":"https:\/\/hotelsantostefanovenezia.com\/#\/schema\/logo\/image\/"}}]}},"_links":{"self":[{"href":"https:\/\/hotelsantostefanovenezia.com\/es\/wp-json\/wp\/v2\/pages\/2612"}],"collection":[{"href":"https:\/\/hotelsantostefanovenezia.com\/es\/wp-json\/wp\/v2\/pages"}],"about":[{"href":"https:\/\/hotelsantostefanovenezia.com\/es\/wp-json\/wp\/v2\/types\/page"}],"author":[{"embeddable":true,"href":"https:\/\/hotelsantostefanovenezia.com\/es\/wp-json\/wp\/v2\/users\/2"}],"replies":[{"embeddable":true,"href":"https:\/\/hotelsantostefanovenezia.com\/es\/wp-json\/wp\/v2\/comments?post=2612"}],"version-history":[{"count":0,"href":"https:\/\/hotelsantostefanovenezia.com\/es\/wp-json\/wp\/v2\/pages\/2612\/revisions"}],"wp:attachment":[{"href":"https:\/\/hotelsantostefanovenezia.com\/es\/wp-json\/wp\/v2\/media?parent=2612"}],"curies":[{"name":"wp","href":"https:\/\/api.w.org\/{rel}","templated":true}]}}